{"id":1499,"date":"2019-08-28T12:01:59","date_gmt":"2019-08-28T10:01:59","guid":{"rendered":"https:\/\/chkometa.pl\/about-us\/zarzadca\/"},"modified":"2023-04-17T12:16:48","modified_gmt":"2023-04-17T10:16:48","slug":"administrator","status":"publish","type":"page","link":"https:\/\/chkometa.pl\/en\/about-us\/administrator\/","title":{"rendered":"Administrator"},"content":{"rendered":"<p>APSYS is one of the leading operators in the commercial real estate industry in Poland and France. The company carries out activities in the segment of commercial real estate, mixed-use projects, residential investments and in the area of \u200b\u200boffice space management. The company was founded in 1996 and operates as an investor, developer, rental agent, project manager and property manager.<\/p>\n<p>All projects are implemented in accordance with the idea of \u200b\u200b&#8221;Making cities vibe&#8221; &#8211; reviving urban space, creating unique experiences and caring for sustainable urban development. Apsys Polska combines professionalism with respect for the tradition, history of the place, its surroundings and social and environmental responsibility. Taking into account the specificity of a given location, it creates innovative &#8220;tailor-made&#8221; projects, in harmony with the city and the needs of its inhabitants, taking into account the specificity of a given place, the social context and the natural environment.<br \/>\nThanks to many years of experience and specialist knowledge, all activities, regardless of the size and location of individual properties, are tailored to the client&#8217;s needs.<\/p>\n<p>The company&#8217;s largest investments include Manufaktura in \u0141\u00f3d\u017a and Posnania in Pozna\u0144. APSYS Polska currently manages over 1,000,000 sq m. GLA in 23 commercial facilities located in 18 largest cities in the country, the Arkada Business Park office building in Bydgoszcz and the React office complex located in the center of \u0141\u00f3d\u017a. Apsys also runs a housing investment &#8211; Solea Mieszkania at Wy\u015bcigach in Warsaw&#8217;s Mokot\u00f3w district.<\/p>\n<p>More information:\u00a0<a href=\"http:\/\/www.apsysgroup.com\/\" target=\"_blank\" rel=\"noopener noreferrer\">www.apsysgroup.com<\/a><\/p>\n<p>Apsys Polska SA, with its registered office in Warsaw (postal code: 00-133), Aleja Jana Paw\u0142a II 22, entered into the Register of Entrepreneurs of the National Court Register kept by the District Court for the capital city of Warsaw in Warsaw, 12th Commercial Division of the National Court Register under KRS number 0000447244, NIP: 526-17-88-225, REGON: 012339953, share capital in the amount of PLN 8.375.024.00, paid up in full.<\/p>\n<p>APSYS POLSKA S.A.<br \/>\nAl. Jana Paw\u0142a II 22<br \/>\n00-133 Warszawa<br \/>\nT: <a href=\"tel:48227019200\">48 22 701 92 00<\/a><\/p>\n","protected":false},"excerpt":{"rendered":"<p>APSYS is one of the leading operators in the commercial real estate industry in Poland and France. The company carries out activities in the segment of commercial real estate, mixed-use [&hellip;]<\/p>\n","protected":false},"author":1,"featured_media":0,"parent":1489,"menu_order":19,"comment_status":"closed","ping_status":"closed","template":"page-templates\/aboutSuppages.php","meta":{"_acf_changed":false,"footnotes":""},"class_list":["post-1499","page","type-page","status-publish","hentry"],"acf":[],"yoast_head":"<!-- This site is optimized with the Yoast SEO plugin v23.4 - https:\/\/yoast.com\/wordpress\/plugins\/seo\/ -->\n<title>Administrator - Kometa<\/title>\n<meta name=\"robots\" content=\"index, follow, max-snippet:-1, max-image-preview:large, max-video-preview:-1\" \/>\n<link rel=\"canonical\" href=\"https:\/\/chkometa.pl\/en\/about-us\/administrator\/\" \/>\n<meta property=\"og:locale\" content=\"en_US\" \/>\n<meta property=\"og:type\" content=\"article\" \/>\n<meta property=\"og:title\" content=\"Administrator - Kometa\" \/>\n<meta property=\"og:description\" content=\"APSYS is one of the leading operators in the commercial real estate industry in Poland and France. The company carries out activities in the segment of commercial real estate, mixed-use [&hellip;]\" \/>\n<meta property=\"og:url\" content=\"https:\/\/chkometa.pl\/en\/about-us\/administrator\/\" \/>\n<meta property=\"og:site_name\" content=\"Kometa\" \/>\n<meta property=\"article:modified_time\" content=\"2023-04-17T10:16:48+00:00\" \/>\n<meta name=\"twitter:card\" content=\"summary_large_image\" \/>\n<meta name=\"twitter:label1\" content=\"Est. reading time\" \/>\n\t<meta name=\"twitter:data1\" content=\"2 minutes\" \/>\n<script type=\"application\/ld+json\" class=\"yoast-schema-graph\">{\"@context\":\"https:\/\/schema.org\",\"@graph\":[{\"@type\":\"WebPage\",\"@id\":\"https:\/\/chkometa.pl\/en\/about-us\/administrator\/\",\"url\":\"https:\/\/chkometa.pl\/en\/about-us\/administrator\/\",\"name\":\"Administrator - Kometa\",\"isPartOf\":{\"@id\":\"https:\/\/chkometa.pl\/#website\"},\"datePublished\":\"2019-08-28T10:01:59+00:00\",\"dateModified\":\"2023-04-17T10:16:48+00:00\",\"breadcrumb\":{\"@id\":\"https:\/\/chkometa.pl\/en\/about-us\/administrator\/#breadcrumb\"},\"inLanguage\":\"en-US\",\"potentialAction\":[{\"@type\":\"ReadAction\",\"target\":[\"https:\/\/chkometa.pl\/en\/about-us\/administrator\/\"]}]},{\"@type\":\"BreadcrumbList\",\"@id\":\"https:\/\/chkometa.pl\/en\/about-us\/administrator\/#breadcrumb\",\"itemListElement\":[{\"@type\":\"ListItem\",\"position\":1,\"name\":\"Strona g\u0142\u00f3wna\",\"item\":\"https:\/\/chkometa.pl\/en\/\"},{\"@type\":\"ListItem\",\"position\":2,\"name\":\"About us\",\"item\":\"https:\/\/chkometa.pl\/en\/about-us\/\"},{\"@type\":\"ListItem\",\"position\":3,\"name\":\"Administrator\"}]},{\"@type\":\"WebSite\",\"@id\":\"https:\/\/chkometa.pl\/#website\",\"url\":\"https:\/\/chkometa.pl\/\",\"name\":\"Kometa\",\"description\":\"\",\"publisher\":{\"@id\":\"https:\/\/chkometa.pl\/#organization\"},\"potentialAction\":[{\"@type\":\"SearchAction\",\"target\":{\"@type\":\"EntryPoint\",\"urlTemplate\":\"https:\/\/chkometa.pl\/?s={search_term_string}\"},\"query-input\":{\"@type\":\"PropertyValueSpecification\",\"valueRequired\":true,\"valueName\":\"search_term_string\"}}],\"inLanguage\":\"en-US\"},{\"@type\":\"Organization\",\"@id\":\"https:\/\/chkometa.pl\/#organization\",\"name\":\"Centrum Handlowe Kometa\",\"url\":\"https:\/\/chkometa.pl\/\",\"logo\":{\"@type\":\"ImageObject\",\"inLanguage\":\"en-US\",\"@id\":\"https:\/\/chkometa.pl\/#\/schema\/logo\/image\/\",\"url\":\"http:\/\/chkometa.pl\/wp-content\/uploads\/2019\/08\/logo_kometa.png\",\"contentUrl\":\"http:\/\/chkometa.pl\/wp-content\/uploads\/2019\/08\/logo_kometa.png\",\"width\":230,\"height\":49,\"caption\":\"Centrum Handlowe Kometa\"},\"image\":{\"@id\":\"https:\/\/chkometa.pl\/#\/schema\/logo\/image\/\"}}]}<\/script>\n<!-- \/ Yoast SEO plugin. -->","yoast_head_json":{"title":"Administrator - Kometa","robots":{"index":"index","follow":"follow","max-snippet":"max-snippet:-1","max-image-preview":"max-image-preview:large","max-video-preview":"max-video-preview:-1"},"canonical":"https:\/\/chkometa.pl\/en\/about-us\/administrator\/","og_locale":"en_US","og_type":"article","og_title":"Administrator - Kometa","og_description":"APSYS is one of the leading operators in the commercial real estate industry in Poland and France. The company carries out activities in the segment of commercial real estate, mixed-use [&hellip;]","og_url":"https:\/\/chkometa.pl\/en\/about-us\/administrator\/","og_site_name":"Kometa","article_modified_time":"2023-04-17T10:16:48+00:00","twitter_card":"summary_large_image","twitter_misc":{"Est. reading time":"2 minutes"},"schema":{"@context":"https:\/\/schema.org","@graph":[{"@type":"WebPage","@id":"https:\/\/chkometa.pl\/en\/about-us\/administrator\/","url":"https:\/\/chkometa.pl\/en\/about-us\/administrator\/","name":"Administrator - Kometa","isPartOf":{"@id":"https:\/\/chkometa.pl\/#website"},"datePublished":"2019-08-28T10:01:59+00:00","dateModified":"2023-04-17T10:16:48+00:00","breadcrumb":{"@id":"https:\/\/chkometa.pl\/en\/about-us\/administrator\/#breadcrumb"},"inLanguage":"en-US","potentialAction":[{"@type":"ReadAction","target":["https:\/\/chkometa.pl\/en\/about-us\/administrator\/"]}]},{"@type":"BreadcrumbList","@id":"https:\/\/chkometa.pl\/en\/about-us\/administrator\/#breadcrumb","itemListElement":[{"@type":"ListItem","position":1,"name":"Strona g\u0142\u00f3wna","item":"https:\/\/chkometa.pl\/en\/"},{"@type":"ListItem","position":2,"name":"About us","item":"https:\/\/chkometa.pl\/en\/about-us\/"},{"@type":"ListItem","position":3,"name":"Administrator"}]},{"@type":"WebSite","@id":"https:\/\/chkometa.pl\/#website","url":"https:\/\/chkometa.pl\/","name":"Kometa","description":"","publisher":{"@id":"https:\/\/chkometa.pl\/#organization"},"potentialAction":[{"@type":"SearchAction","target":{"@type":"EntryPoint","urlTemplate":"https:\/\/chkometa.pl\/?s={search_term_string}"},"query-input":{"@type":"PropertyValueSpecification","valueRequired":true,"valueName":"search_term_string"}}],"inLanguage":"en-US"},{"@type":"Organization","@id":"https:\/\/chkometa.pl\/#organization","name":"Centrum Handlowe Kometa","url":"https:\/\/chkometa.pl\/","logo":{"@type":"ImageObject","inLanguage":"en-US","@id":"https:\/\/chkometa.pl\/#\/schema\/logo\/image\/","url":"http:\/\/chkometa.pl\/wp-content\/uploads\/2019\/08\/logo_kometa.png","contentUrl":"http:\/\/chkometa.pl\/wp-content\/uploads\/2019\/08\/logo_kometa.png","width":230,"height":49,"caption":"Centrum Handlowe Kometa"},"image":{"@id":"https:\/\/chkometa.pl\/#\/schema\/logo\/image\/"}}]}},"_links":{"self":[{"href":"https:\/\/chkometa.pl\/en\/wp-json\/wp\/v2\/pages\/1499","targetHints":{"allow":["GET"]}}],"collection":[{"href":"https:\/\/chkometa.pl\/en\/wp-json\/wp\/v2\/pages"}],"about":[{"href":"https:\/\/chkometa.pl\/en\/wp-json\/wp\/v2\/types\/page"}],"author":[{"embeddable":true,"href":"https:\/\/chkometa.pl\/en\/wp-json\/wp\/v2\/users\/1"}],"replies":[{"embeddable":true,"href":"https:\/\/chkometa.pl\/en\/wp-json\/wp\/v2\/comments?post=1499"}],"version-history":[{"count":0,"href":"https:\/\/chkometa.pl\/en\/wp-json\/wp\/v2\/pages\/1499\/revisions"}],"up":[{"embeddable":true,"href":"https:\/\/chkometa.pl\/en\/wp-json\/wp\/v2\/pages\/1489"}],"wp:attachment":[{"href":"https:\/\/chkometa.pl\/en\/wp-json\/wp\/v2\/media?parent=1499"}],"curies":[{"name":"wp","href":"https:\/\/api.w.org\/{rel}","templated":true}]}}